{"id":12352,"date":"2026-03-12T13:22:59","date_gmt":"2026-03-12T12:22:59","guid":{"rendered":"https:\/\/aleaa.be\/produit\/tote-bag-aleaa-natural\/"},"modified":"2026-03-15T07:25:31","modified_gmt":"2026-03-15T06:25:31","slug":"tote-bag-aleaa-natural","status":"publish","type":"product","link":"https:\/\/aleaa.be\/en\/produit\/tote-bag-aleaa-natural\/","title":{"rendered":"Tote Bag Al\u00e9aa Natural"},"content":{"rendered":"<p>The Tote Bag Al\u00e9aa Natural is made from natural cotton and features the Al\u00e9aa logo. Practical, stylish and eco-friendly.<\/p>\n","protected":false},"excerpt":{"rendered":"<p>Natural cotton tote bag with Al\u00e9aa logo.<\/p>\n","protected":false},"featured_media":12354,"comment_status":"open","ping_status":"closed","template":"","meta":[],"product_brand":[172],"product_cat":[170],"product_tag":[187,188],"class_list":{"0":"post-12352","1":"product","2":"type-product","3":"status-publish","4":"has-post-thumbnail","6":"product_brand-aleaa","7":"product_cat-bags","8":"product_tag-sac","9":"product_tag-tote-bag","11":"first","12":"instock","13":"taxable","14":"shipping-taxable","15":"purchasable","16":"product-type-simple"},"_links":{"self":[{"href":"https:\/\/aleaa.be\/en\/wp-json\/wp\/v2\/product\/12352","targetHints":{"allow":["GET"]}}],"collection":[{"href":"https:\/\/aleaa.be\/en\/wp-json\/wp\/v2\/product"}],"about":[{"href":"https:\/\/aleaa.be\/en\/wp-json\/wp\/v2\/types\/product"}],"replies":[{"embeddable":true,"href":"https:\/\/aleaa.be\/en\/wp-json\/wp\/v2\/comments?post=12352"}],"wp:featuredmedia":[{"embeddable":true,"href":"https:\/\/aleaa.be\/en\/wp-json\/wp\/v2\/media\/12354"}],"wp:attachment":[{"href":"https:\/\/aleaa.be\/en\/wp-json\/wp\/v2\/media?parent=12352"}],"wp:term":[{"taxonomy":"product_brand","embeddable":true,"href":"https:\/\/aleaa.be\/en\/wp-json\/wp\/v2\/product_brand?post=12352"},{"taxonomy":"product_cat","embeddable":true,"href":"https:\/\/aleaa.be\/en\/wp-json\/wp\/v2\/product_cat?post=12352"},{"taxonomy":"product_tag","embeddable":true,"href":"https:\/\/aleaa.be\/en\/wp-json\/wp\/v2\/product_tag?post=12352"}],"curies":[{"name":"wp","href":"https:\/\/api.w.org\/{rel}","templated":true}]}}