{"id":12293,"date":"2026-03-12T15:12:24","date_gmt":"2026-03-12T14:12:24","guid":{"rendered":"https:\/\/aleaa.be\/produit\/easy-hijab-bambou\/"},"modified":"2026-03-23T20:13:29","modified_gmt":"2026-03-23T19:13:29","slug":"easy-hijab-bambou","status":"publish","type":"product","link":"https:\/\/aleaa.be\/nl\/produit\/easy-hijab-bambou\/","title":{"rendered":"Easy Hijab Bambou"},"content":{"rendered":"<p>Le Easy Hijab Bambou est fabriqu\u00e9 \u00e0 partir de fibres de bambou naturelles. Doux comme de la soie, respirant et \u00e9cologique, il offre un confort in\u00e9gal\u00e9.<\/p>\n<p>Disponible en plusieurs coloris naturels et intemporels.<\/p>\n<ul>\n<li>Composition : 92% Bambou | 8% Elasthanne<\/li>\n<li>Dimensions : 180 x 70 cm<\/li>\n<li>Entretien : lavage \u00e0 la main recommand\u00e9<\/li>\n<\/ul>\n","protected":false},"excerpt":{"rendered":"<p>Hijab en bambou naturel ultra-doux et \u00e9cologique<\/p>\n","protected":false},"featured_media":12294,"comment_status":"open","ping_status":"closed","template":"","meta":[],"product_brand":[171],"product_cat":[166],"product_tag":[173],"class_list":{"0":"post-12293","1":"product","2":"type-product","3":"status-publish","4":"has-post-thumbnail","6":"product_brand-aleaa","7":"product_cat-easy-hijab-bambou","8":"product_tag-bambou","10":"first","11":"instock","12":"taxable","13":"shipping-taxable","14":"purchasable","15":"product-type-variable"},"_links":{"self":[{"href":"https:\/\/aleaa.be\/nl\/wp-json\/wp\/v2\/product\/12293","targetHints":{"allow":["GET"]}}],"collection":[{"href":"https:\/\/aleaa.be\/nl\/wp-json\/wp\/v2\/product"}],"about":[{"href":"https:\/\/aleaa.be\/nl\/wp-json\/wp\/v2\/types\/product"}],"replies":[{"embeddable":true,"href":"https:\/\/aleaa.be\/nl\/wp-json\/wp\/v2\/comments?post=12293"}],"wp:featuredmedia":[{"embeddable":true,"href":"https:\/\/aleaa.be\/nl\/wp-json\/wp\/v2\/media\/12294"}],"wp:attachment":[{"href":"https:\/\/aleaa.be\/nl\/wp-json\/wp\/v2\/media?parent=12293"}],"wp:term":[{"taxonomy":"product_brand","embeddable":true,"href":"https:\/\/aleaa.be\/nl\/wp-json\/wp\/v2\/product_brand?post=12293"},{"taxonomy":"product_cat","embeddable":true,"href":"https:\/\/aleaa.be\/nl\/wp-json\/wp\/v2\/product_cat?post=12293"},{"taxonomy":"product_tag","embeddable":true,"href":"https:\/\/aleaa.be\/nl\/wp-json\/wp\/v2\/product_tag?post=12293"}],"curies":[{"name":"wp","href":"https:\/\/api.w.org\/{rel}","templated":true}]}}