{"id":12349,"date":"2026-03-12T13:22:59","date_gmt":"2026-03-12T12:22:59","guid":{"rendered":"https:\/\/aleaa.be\/produit\/tote-bag-aleaa-natural\/"},"modified":"2026-03-15T06:57:42","modified_gmt":"2026-03-15T05:57:42","slug":"tote-bag-aleaa-natural","status":"publish","type":"product","link":"https:\/\/aleaa.be\/nl\/produit\/tote-bag-aleaa-natural\/","title":{"rendered":"Tote Bag Al\u00e9aa Natural"},"content":{"rendered":"<p>De Tote Bag Al\u00e9aa Natural is gemaakt van natuurlijk katoen en draagt het logo van Al\u00e9aa. Praktisch, stijlvol en milieuvriendelijk.<\/p>\n","protected":false},"excerpt":{"rendered":"<p>Katoenen tote bag met Al\u00e9aa-logo.<\/p>\n","protected":false},"featured_media":12351,"comment_status":"open","ping_status":"closed","template":"","meta":[],"product_brand":[171],"product_cat":[169],"product_tag":[185,186],"class_list":{"0":"post-12349","1":"product","2":"type-product","3":"status-publish","4":"has-post-thumbnail","6":"product_brand-aleaa","7":"product_cat-bags","8":"product_tag-sac","9":"product_tag-tote-bag","11":"first","12":"instock","13":"taxable","14":"shipping-taxable","15":"purchasable","16":"product-type-simple"},"_links":{"self":[{"href":"https:\/\/aleaa.be\/nl\/wp-json\/wp\/v2\/product\/12349","targetHints":{"allow":["GET"]}}],"collection":[{"href":"https:\/\/aleaa.be\/nl\/wp-json\/wp\/v2\/product"}],"about":[{"href":"https:\/\/aleaa.be\/nl\/wp-json\/wp\/v2\/types\/product"}],"replies":[{"embeddable":true,"href":"https:\/\/aleaa.be\/nl\/wp-json\/wp\/v2\/comments?post=12349"}],"wp:featuredmedia":[{"embeddable":true,"href":"https:\/\/aleaa.be\/nl\/wp-json\/wp\/v2\/media\/12351"}],"wp:attachment":[{"href":"https:\/\/aleaa.be\/nl\/wp-json\/wp\/v2\/media?parent=12349"}],"wp:term":[{"taxonomy":"product_brand","embeddable":true,"href":"https:\/\/aleaa.be\/nl\/wp-json\/wp\/v2\/product_brand?post=12349"},{"taxonomy":"product_cat","embeddable":true,"href":"https:\/\/aleaa.be\/nl\/wp-json\/wp\/v2\/product_cat?post=12349"},{"taxonomy":"product_tag","embeddable":true,"href":"https:\/\/aleaa.be\/nl\/wp-json\/wp\/v2\/product_tag?post=12349"}],"curies":[{"name":"wp","href":"https:\/\/api.w.org\/{rel}","templated":true}]}}